{"id":344,"date":"2015-03-10T02:46:09","date_gmt":"2015-03-10T02:46:09","guid":{"rendered":"https:\/\/structure.thememove.com\/?page_id=344"},"modified":"2023-02-09T20:06:44","modified_gmt":"2023-02-09T20:06:44","slug":"concrete-transport","status":"publish","type":"page","link":"https:\/\/doa.cl\/index.php\/services\/concrete-transport\/","title":{"rendered":"Obras Hidr\u00e1ulicas"},"content":{"rendered":"<div class=\"wpb-content-wrapper\"><p>[vc_row css=\u00bb.vc_custom_1433558039109{margin-top: 0px !important;margin-bottom: 40px !important;}\u00bb][vc_column][vc_custom_heading text=\u00bbOBRAS HIDR\u00c1ULICAS\u00bb font_container=\u00bbtag:h2|font_size:20|text_align:left\u00bb el_class=\u00bbheading-title-3&#8243;][vc_column_text]Estas obras tienen como objetivo fundamental el aprovechamiento de los recursos hidr\u00e1ulicos, para esto se ayuda de la instalaci\u00f3n o montaje de tuber\u00edas para as\u00ed lograr la transferencia de fluidos.<\/p>\n<p>Cabe destacar, que para este tipo de obras tambi\u00e9n contamos con el equipamiento, personal y experiencias necesarias para su realizaci\u00f3n.[\/vc_column_text][\/vc_column][\/vc_row][vc_row css=\u00bb.vc_custom_1433558030308{margin-bottom: 50px !important;}\u00bb][vc_column][vc_images_carousel images=\u00bb75639,75600,75599&#8243; img_size=\u00bb870&#215;460&#8243; onclick=\u00bblink_no\u00bb autoplay=\u00bbyes\u00bb hide_prev_next_buttons=\u00bbyes\u00bb el_class=\u00bbimages-carousel-2&#8243;][\/vc_column][\/vc_row]<\/p>\n<\/div>","protected":false},"excerpt":{"rendered":"<p>[vc_row css=\u00bb.vc_custom_1433558039109{margin-top: 0px !important;margin-bottom: 40px !important;}\u00bb][vc_column][vc_custom_heading text=\u00bbOBRAS HIDR\u00c1ULICAS\u00bb font_container=\u00bbtag:h2|font_size:20|text_align:left\u00bb el_class=\u00bbheading-title-3&#8243;][vc_column_text]Estas obras tienen como objetivo fundamental el aprovechamiento de los recursos hidr\u00e1ulicos, para esto se ayuda de la instalaci\u00f3n o montaje de tuber\u00edas para as\u00ed lograr la transferencia de fluidos. Cabe destacar, que para este tipo de obras tambi\u00e9n contamos con el equipamiento, personal y experiencias [&hellip;]<\/p>\n","protected":false},"author":1,"featured_media":0,"parent":59,"menu_order":0,"comment_status":"closed","ping_status":"closed","template":"","meta":{"footnotes":""},"class_list":["post-344","page","type-page","status-publish","hentry"],"_links":{"self":[{"href":"https:\/\/doa.cl\/index.php\/wp-json\/wp\/v2\/pages\/344","targetHints":{"allow":["GET"]}}],"collection":[{"href":"https:\/\/doa.cl\/index.php\/wp-json\/wp\/v2\/pages"}],"about":[{"href":"https:\/\/doa.cl\/index.php\/wp-json\/wp\/v2\/types\/page"}],"author":[{"embeddable":true,"href":"https:\/\/doa.cl\/index.php\/wp-json\/wp\/v2\/users\/1"}],"replies":[{"embeddable":true,"href":"https:\/\/doa.cl\/index.php\/wp-json\/wp\/v2\/comments?post=344"}],"version-history":[{"count":5,"href":"https:\/\/doa.cl\/index.php\/wp-json\/wp\/v2\/pages\/344\/revisions"}],"predecessor-version":[{"id":75640,"href":"https:\/\/doa.cl\/index.php\/wp-json\/wp\/v2\/pages\/344\/revisions\/75640"}],"up":[{"embeddable":true,"href":"https:\/\/doa.cl\/index.php\/wp-json\/wp\/v2\/pages\/59"}],"wp:attachment":[{"href":"https:\/\/doa.cl\/index.php\/wp-json\/wp\/v2\/media?parent=344"}],"curies":[{"name":"wp","href":"https:\/\/api.w.org\/{rel}","templated":true}]}}