{"id":61,"date":"2015-03-02T04:38:49","date_gmt":"2015-03-01T21:38:49","guid":{"rendered":"https:\/\/structure.thememove.com\/?page_id=61"},"modified":"2023-02-09T03:00:54","modified_gmt":"2023-02-09T03:00:54","slug":"quienes-somos","status":"publish","type":"page","link":"https:\/\/doa.cl\/index.php\/quienes-somos\/","title":{"rendered":"Quienes Somos"},"content":{"rendered":"<div class=\"wpb-content-wrapper\"><p>[vc_row css=\u00bb.vc_custom_1433564201242{margin-top: 20px !important;margin-bottom: 70px !important;}\u00bb][vc_column width=\u00bb1\/4&#8243;][vc_column_text][vc_widget_sidebar sidebar_id=\u00bbsidebar\u00bb][\/vc_column_text][\/vc_column][vc_column width=\u00bb3\/4&#8243;][vc_row_inner css=\u00bb.vc_custom_1433561568541{margin-bottom: 50px !important;}\u00bb][vc_column_inner][rev_slider_vc alias=\u00bbabout-us\u00bb][\/vc_column_inner][\/vc_row_inner][vc_custom_heading text=\u00bbQUIENES SOMOS\u00bb font_container=\u00bbtag:h2|font_size:20|text_align:left|color:%23111111&#8243; el_class=\u00bbheading-title-3&#8243;][vc_column_text]<strong>DOA INGENIER\u00cdA Y CONSTRUCCI\u00d3N SPA<\/strong> activo desde 1996 en la Regi\u00f3n de Coquimbo entregando soluciones constructivas a nuestros clientes. Contamos con una amplia experiencia en las \u00e1reas de construcci\u00f3n y montaje, especialmente en obras sanitarias, pavimentaci\u00f3n y en el \u00e1rea de servicios de agotamiento de agua subterr\u00e1nea.<\/p>\n<p>Ejecutamos obras para el <strong>Ministerio de Obras P\u00fablicas, SERVIU, Vialidad, DOH<\/strong> y empresas del \u00e1rea de servicios en la regi\u00f3n como <strong>Aguas del Valle y ESVAL.<\/strong><\/p>\n<p>Contamos con los registros correspondientes en <strong>SERVIU<\/strong> (Contratista y consultor), <strong>MOP<\/strong> (Contratista obras mayores y consultores) y registro proveedores de infraestructura Aguas del Valle.<\/p>\n<p>Tambi\u00e9n entregamos servicios en los siguientes rubros: construcci\u00f3n de obras de urbanizaci\u00f3n, movimiento de tierra, arriendo de maquinaria pesada y equipos (sistema de agotamiento wellpoint y generadores), ejecuci\u00f3n de obras civiles, ingenier\u00eda de proyectos civiles, obras de pavimentaci\u00f3n y asesor\u00edas en el \u00e1rea de proyectos.[\/vc_column_text][vc_custom_heading text=\u00bbNUESTRA MISI\u00d3N\u00bb font_container=\u00bbtag:h2|font_size:20|text_align:left|color:%23111111&#8243; el_class=\u00bbheading-title-3&#8243; css=\u00bb.vc_custom_1675706278809{margin-top: 30px !important;}\u00bb][vc_column_text]\u201cSer un equipo de trabajo comprometido y alineado con la demanda del mercado y cumplir en tiempo y presupuesto cada una de las obras comprometidas, cumplidores de lo que demanda la legislaci\u00f3n vigente, pol\u00edticas y ordenanzas de nuestros clientes\u201d[\/vc_column_text][vc_custom_heading text=\u00bbNUESTRA VISI\u00d3N\u00bb font_container=\u00bbtag:h2|font_size:20|text_align:left|color:%23111111&#8243; el_class=\u00bbheading-title-3&#8243; css=\u00bb.vc_custom_1675726163329{margin-top: 30px !important;}\u00bb][vc_column_text]\u201cQueremos ser el aliado estrat\u00e9gico que el cliente necesita para desarrollar todas las actividades asociadas a sus procesos productivos y de mejoramiento y, proyectarnos en el futuro como una de las empresas l\u00edderes del pa\u00eds en nuestras unidades de trabajo a la par con un compromiso s\u00f3lido con el medioambiente\u201d[\/vc_column_text][vc_custom_heading text=\u00bbORGANIGRAMA DOA\u00bb font_container=\u00bbtag:h2|font_size:20|text_align:left|color:%23111111&#8243; el_class=\u00bbheading-title-3&#8243; css=\u00bb.vc_custom_1675728296683{margin-top: 30px !important;}\u00bb][vc_single_image image=\u00bb75526&#8243; img_size=\u00bbfull\u00bb][\/vc_column][\/vc_row][vc_row][vc_column][vc_empty_space height=\u00bb70px\u00bb][\/vc_column][\/vc_row]<\/p>\n<\/div>","protected":false},"excerpt":{"rendered":"<p>[vc_row css=\u00bb.vc_custom_1433564201242{margin-top: 20px !important;margin-bottom: 70px !important;}\u00bb][vc_column width=\u00bb1\/4&#8243;][vc_column_text][vc_widget_sidebar sidebar_id=\u00bbsidebar\u00bb][\/vc_column_text][\/vc_column][vc_column width=\u00bb3\/4&#8243;][vc_row_inner css=\u00bb.vc_custom_1433561568541{margin-bottom: 50px !important;}\u00bb][vc_column_inner][rev_slider_vc alias=\u00bbabout-us\u00bb][\/vc_column_inner][\/vc_row_inner][vc_custom_heading text=\u00bbQUIENES SOMOS\u00bb font_container=\u00bbtag:h2|font_size:20|text_align:left|color:%23111111&#8243; el_class=\u00bbheading-title-3&#8243;][vc_column_text]DOA INGENIER\u00cdA Y CONSTRUCCI\u00d3N SPA activo desde 1996 en la Regi\u00f3n de Coquimbo entregando soluciones constructivas a nuestros clientes. Contamos con una amplia experiencia en las \u00e1reas de construcci\u00f3n y montaje, especialmente en obras sanitarias, pavimentaci\u00f3n y en el [&hellip;]<\/p>\n","protected":false},"author":1,"featured_media":0,"parent":0,"menu_order":0,"comment_status":"closed","ping_status":"closed","template":"","meta":{"footnotes":""},"class_list":["post-61","page","type-page","status-publish","hentry"],"_links":{"self":[{"href":"https:\/\/doa.cl\/index.php\/wp-json\/wp\/v2\/pages\/61","targetHints":{"allow":["GET"]}}],"collection":[{"href":"https:\/\/doa.cl\/index.php\/wp-json\/wp\/v2\/pages"}],"about":[{"href":"https:\/\/doa.cl\/index.php\/wp-json\/wp\/v2\/types\/page"}],"author":[{"embeddable":true,"href":"https:\/\/doa.cl\/index.php\/wp-json\/wp\/v2\/users\/1"}],"replies":[{"embeddable":true,"href":"https:\/\/doa.cl\/index.php\/wp-json\/wp\/v2\/comments?post=61"}],"version-history":[{"count":18,"href":"https:\/\/doa.cl\/index.php\/wp-json\/wp\/v2\/pages\/61\/revisions"}],"predecessor-version":[{"id":75567,"href":"https:\/\/doa.cl\/index.php\/wp-json\/wp\/v2\/pages\/61\/revisions\/75567"}],"wp:attachment":[{"href":"https:\/\/doa.cl\/index.php\/wp-json\/wp\/v2\/media?parent=61"}],"curies":[{"name":"wp","href":"https:\/\/api.w.org\/{rel}","templated":true}]}}